{"id":4268,"date":"2024-07-31T14:52:31","date_gmt":"2024-07-31T14:52:31","guid":{"rendered":"https:\/\/zaneginaproduction.com\/termini-e-condizioni\/"},"modified":"2024-09-14T21:30:26","modified_gmt":"2024-09-14T21:30:26","slug":"termini-e-condizioni","status":"publish","type":"page","link":"https:\/\/zaneginaproduction.com\/it\/termini-e-condizioni\/","title":{"rendered":"Termini e condizioni"},"content":{"rendered":"\n<p><strong>Ultimo aggiornamento:<\/strong> 2 settembre 2024<\/p>\n\n\n\n<h6 class=\"wp-block-heading\">1. Introduzione<\/h6>\n\n\n\n<p>I presenti Termini e condizioni si applicano a questo sito web e alle transazioni relative ai nostri prodotti e servizi.\nL&#8217;utente potrebbe essere vincolato da contratti aggiuntivi relativi al suo rapporto con noi o a qualsiasi prodotto o servizio che riceve da noi.\nQualora le disposizioni dei contratti aggiuntivi siano in conflitto con le disposizioni dei presenti Termini, le disposizioni di tali contratti aggiuntivi avranno il controllo e la prevalenza.  <\/p>\n\n\n\n<h6 class=\"wp-block-heading\">2. Legatura<\/h6>\n\n\n\n<p>Registrandosi, accedendo o utilizzando in altro modo il presente sito web, l&#8217;utente accetta di essere vincolato dai Termini e dalle condizioni di seguito riportati.\nIl semplice utilizzo di questo sito web implica la conoscenza e l&#8217;accettazione di questi Termini e condizioni.\nIn alcuni casi particolari, possiamo anche chiederti di accettare esplicitamente.  <\/p>\n\n\n\n<p>Effettuando un acquisto su questo sito web e diventando cos\u00ec un partecipante a uno dei nostri eventi\/workshop, accetti i termini descritti nel contratto:<\/p>\n\n\n\n<p><a href=\"https:\/\/zaneginaproduction.com\/wp-content\/uploads\/2024\/09\/Example-contract.pdf\"><\/a><a href=\"https:\/\/zaneginaproduction.com\/wp-content\/uploads\/2024\/09\/Example-contract.pdf\">Esempio di contratto<\/a><\/p>\n\n\n\n<h6 class=\"wp-block-heading\">3. Comunicazione elettronica<\/h6>\n\n\n\n<p>Utilizzando questo sito web o comunicando con noi per via elettronica, accetti e riconosci che possiamo comunicare con te per via elettronica sul nostro sito web o inviandoti un&#8217;e-mail, e accetti che tutti gli accordi, gli avvisi, le divulgazioni e le altre comunicazioni che ti forniamo per via elettronica soddisfino qualsiasi requisito legale, incluso, ma non solo, il requisito che tali comunicazioni debbano essere in forma scritta.<\/p>\n\n\n\n<h6 class=\"wp-block-heading\">4. Propriet\u00e0 intellettuale<\/h6>\n\n\n\n<p>Noi o i nostri licenziatari possediamo e controlliamo tutti i diritti d&#8217;autore e gli altri diritti di propriet\u00e0 intellettuale del sito web e dei dati, delle informazioni e delle altre risorse visualizzate o accessibili dal sito web.<\/p>\n\n\n\n<p>4.1 Tutti i diritti sono riservati<\/p>\n\n\n\n<p>A meno che il contenuto specifico non preveda diversamente, all&#8217;utente non viene concessa alcuna licenza o altro diritto in base a copyright, marchi, brevetti o altri diritti di propriet\u00e0 intellettuale.\nCi\u00f2 significa che non potrai utilizzare, copiare, riprodurre, eseguire, visualizzare, distribuire, incorporare in qualsiasi supporto elettronico, alterare, decodificare, decompilare, trasferire, scaricare, trasmettere, monetizzare, vendere, commercializzare o commercializzare qualsiasi risorsa di questo sito web in qualsiasi forma, senza il nostro previo consenso scritto, ad eccezione e solo nella misura in cui ci\u00f2 sia previsto da norme di legge obbligatorie (come il diritto di citazione). <\/p>\n\n\n\n<h6 class=\"wp-block-heading\">5. Propriet\u00e0 di terzi<\/h6>\n\n\n\n<p>Il nostro sito web pu\u00f2 contenere collegamenti ipertestuali o altri riferimenti a siti web di altre parti.\nNon monitoriamo n\u00e9 rivediamo il contenuto dei siti web di altre parti a cui si accede tramite link da questo sito web.\nI prodotti o i servizi offerti da altri siti web saranno soggetti ai Termini e Condizioni applicabili di tali terze parti.\nLe opinioni espresse o il materiale che appare su tali siti web non sono necessariamente condivise o approvate da noi.   <\/p>\n\n\n\n<p>Non saremo responsabili delle pratiche sulla privacy o dei contenuti di questi siti.\nL&#8217;utente si assume tutti i rischi associati all&#8217;uso di questi siti web e di qualsiasi servizio di terze parti ad essi collegato.\nNon ci assumiamo alcuna responsabilit\u00e0 per eventuali perdite o danni di qualsiasi tipo, comunque causati, derivanti dalla divulgazione a terzi di informazioni personali.  <\/p>\n\n\n\n<h6 class=\"wp-block-heading\">6. Uso responsabile<\/h6>\n\n\n\n<p>Visitando il nostro sito web, accetti di utilizzarlo solo per gli scopi previsti e consentiti dai presenti Termini, da eventuali contratti aggiuntivi stipulati con noi, dalle leggi, dai regolamenti e dalle pratiche online generalmente accettate e dalle linee guida del settore.\nL&#8217;utente non deve utilizzare il nostro sito web o i nostri servizi per utilizzare, pubblicare o distribuire materiale che consiste in (o \u00e8 collegato a) software informatico dannoso; utilizzare i dati raccolti dal nostro sito web per attivit\u00e0 di marketing diretto o condurre attivit\u00e0 di raccolta dati sistematica o automatizzata su o in relazione al nostro sito web. <\/p>\n\n\n\n<p>\u00c8 severamente vietato intraprendere qualsiasi attivit\u00e0 che causi, o possa causare, danni al sito web o che interferisca con le prestazioni, la disponibilit\u00e0 o l&#8217;accessibilit\u00e0 del sito web.<\/p>\n\n\n\n<h6 class=\"wp-block-heading\">7. Presentazione di idee<\/h6>\n\n\n\n<p>Non inviare idee, invenzioni, opere d&#8217;autore o altre informazioni che possano essere considerate propriet\u00e0 intellettuale dell&#8217;utente e che quest&#8217;ultimo voglia presentare a noi, a meno che non sia stato firmato un accordo sulla propriet\u00e0 intellettuale o un accordo di non divulgazione.\nSe ce lo riveli senza tale accordo scritto, ci concedi una licenza mondiale, irrevocabile, non esclusiva e priva di royalty per l&#8217;utilizzo, la riproduzione, l&#8217;archiviazione, l&#8217;adattamento, la pubblicazione, la traduzione e la distribuzione dei tuoi contenuti su qualsiasi supporto esistente o futuro. <\/p>\n\n\n\n<h6 class=\"wp-block-heading\">8. Cessazione dell&#8217;uso<\/h6>\n\n\n\n<p>Possiamo, a nostra esclusiva discrezione, in qualsiasi momento modificare o interrompere l&#8217;accesso, temporaneamente o permanentemente, al sito web o a qualsiasi Servizio in esso presente.\nL&#8217;utente accetta che non saremo responsabili nei suoi confronti o nei confronti di terzi per tali modifiche, sospensioni o interruzioni dell&#8217;accesso o dell&#8217;uso del sito web o di qualsiasi contenuto condiviso dall&#8217;utente sul sito web.\nL&#8217;utente non avr\u00e0 diritto ad alcun risarcimento o altro pagamento, anche nel caso in cui alcune funzionalit\u00e0, impostazioni e\/o Contenuti a cui ha contribuito o su cui ha fatto affidamento vadano persi in modo permanente.\nL&#8217;utente non deve eludere o aggirare, o tentare di eludere o aggirare, alcuna misura di restrizione dell&#8217;accesso al nostro sito web.   <\/p>\n\n\n\n<h6 class=\"wp-block-heading\">9. Garanzie e responsabilit\u00e0<\/h6>\n\n\n\n<p>Nulla di quanto contenuto in questa sezione limiter\u00e0 o escluder\u00e0 qualsiasi garanzia implicita nella legge che sarebbe illegale limitare o escludere.\nQuesto sito web e tutti i contenuti del sito web sono forniti &#8220;cos\u00ec come sono&#8221; e &#8220;come disponibili&#8221; e possono contenere imprecisioni o errori tipografici.\nDecliniamo espressamente tutte le garanzie di qualsiasi tipo, espresse o implicite, in merito alla disponibilit\u00e0, all&#8217;accuratezza o alla completezza dei Contenuti.\nNon garantiamo che:   <\/p>\n\n\n\n<ul class=\"wp-block-list\">\n<li>questo sito web o i nostri prodotti o servizi soddisfino le tue esigenze;<\/li>\n\n\n\n<li>questo sito web sar\u00e0 disponibile in modo ininterrotto, tempestivo, sicuro o privo di errori;<\/li>\n\n\n\n<li>la qualit\u00e0 di qualsiasi prodotto o servizio acquistato o ottenuto dall&#8217;utente attraverso questo sito web soddisfer\u00e0 le sue aspettative.<\/li>\n<\/ul>\n\n\n\n<p>Nulla di quanto contenuto in questo sito web costituisce o intende costituire una consulenza legale, finanziaria o medica di qualsiasi tipo.\nSe hai bisogno di consigli, devi consultare un professionista appropriato. <\/p>\n\n\n\n<p>Le seguenti disposizioni della presente sezione si applicheranno nella misura massima consentita dalla legge applicabile e non limiteranno o escluderanno la nostra responsabilit\u00e0 in relazione a qualsiasi questione che sarebbe illegale o illecita per noi limitare o escludere la nostra responsabilit\u00e0.\nIn nessun caso saremo responsabili per danni diretti o indiretti (inclusi danni per perdita di profitti o ricavi, perdita o corruzione di dati, software o database, o perdita o danneggiamento di propriet\u00e0 o dati) subiti dall&#8217;utente o da terzi, derivanti dall&#8217;accesso o dall&#8217;uso del nostro sito web. <\/p>\n\n\n\n<p>Fatta eccezione per il caso in cui un contratto aggiuntivo stabilisca espressamente il contrario, la nostra responsabilit\u00e0 massima nei tuoi confronti per tutti i danni derivanti da o correlati al sito web o a qualsiasi prodotto e servizio commercializzato o venduto attraverso il sito web, indipendentemente dalla forma di azione legale che impone la responsabilit\u00e0 (sia in termini di contratto, equit\u00e0, negligenza, condotta intenzionale, illecito o altro) sar\u00e0 limitata al prezzo totale che hai pagato a noi per acquistare tali prodotti o servizi o utilizzare il sito web.\nTale limite si applicher\u00e0 complessivamente a tutti i reclami, le azioni e le cause di azione dell&#8217;utente di qualsiasi tipo e natura. <\/p>\n\n\n\n<h6 class=\"wp-block-heading\">10. Privacy<\/h6>\n\n\n\n<p>Per accedere al nostro sito web e\/o ai nostri servizi, potrebbe esserti richiesto di fornire alcune informazioni su di te come parte del processo di registrazione.\nL&#8217;utente accetta che le informazioni fornite siano sempre accurate, corrette e aggiornate. <\/p>\n\n\n\n<p>Prendiamo sul serio i tuoi dati personali e ci impegniamo a proteggere la tua privacy.\nNon utilizzeremo il tuo indirizzo e-mail per inviare messaggi non richiesti.\nQualsiasi e-mail inviata da noi all&#8217;utente sar\u00e0 solo in relazione alla fornitura di prodotti o servizi concordati.  <\/p>\n\n\n\n<p>Abbiamo elaborato una politica per rispondere alle tue preoccupazioni in materia di privacy.\nPer maggiori informazioni, consulta la nostra <a href=\"\">Informativa sulla privacy<\/a> e la nostra <a href=\"\">Politica sui cookie<\/a>. <\/p>\n\n\n\n<h6 class=\"wp-block-heading\">11. Accessibilit\u00e0<\/h6>\n\n\n\n<p>Ci impegniamo a rendere i contenuti che forniamo accessibili alle persone con disabilit\u00e0.\nSe hai una disabilit\u00e0 e non riesci ad accedere a una parte del nostro sito web a causa della tua disabilit\u00e0, ti chiediamo di darcene comunicazione includendo una descrizione dettagliata del problema riscontrato.\nSe il problema \u00e8 facilmente identificabile e risolvibile in base agli strumenti e alle tecniche informatiche standard del settore, lo risolveremo prontamente.  <\/p>\n\n\n\n<h6 class=\"wp-block-heading\">12. Restrizioni all&#8217;esportazione \/ Conformit\u00e0 legale<\/h6>\n\n\n\n<p>\u00c8 vietato l&#8217;accesso al sito web da territori o paesi in cui il Contenuto o l&#8217;acquisto di prodotti o Servizi venduti sul sito web sono illegali.\nL&#8217;utente non pu\u00f2 utilizzare questo sito web in violazione delle leggi e delle normative italiane in materia di esportazione. <\/p>\n\n\n\n<h6 class=\"wp-block-heading\">13. Assegnazione<\/h6>\n\n\n\n<p>L&#8217;utente non pu\u00f2 cedere, trasferire o subappaltare nessuno dei suoi diritti e\/o obblighi ai sensi dei presenti Termini e condizioni, in tutto o in parte, a terzi senza il nostro preventivo consenso scritto.\nQualsiasi presunta cessione in violazione di questa sezione sar\u00e0 nulla e non valida. <\/p>\n\n\n\n<h6 class=\"wp-block-heading\">14. Violazioni dei presenti Termini e condizioni<\/h6>\n\n\n\n<p>Fatti salvi gli altri nostri diritti ai sensi dei presenti Termini e condizioni, se l&#8217;utente viola i presenti Termini e condizioni in qualsiasi modo, potremo intraprendere le azioni che riterremo opportune per far fronte alla violazione, compresa la sospensione temporanea o permanente del suo accesso al sito web, contattando il suo provider di servizi internet per richiedere il blocco del suo accesso al sito web e\/o avviando un&#8217;azione legale nei suoi confronti.<\/p>\n\n\n\n<h6 class=\"wp-block-heading\">15. Forza maggiore<\/h6>\n\n\n\n<p>Fatta eccezione per gli obblighi di pagamento, nessun ritardo, mancanza o omissione da parte di una delle parti nell&#8217;adempimento o nell&#8217;osservanza di uno qualsiasi dei suoi obblighi sar\u00e0 considerato una violazione dei presenti Termini e condizioni se e per tutto il tempo in cui tale ritardo, mancanza o omissione derivi da una causa al di fuori del ragionevole controllo di tale parte.<\/p>\n\n\n\n<h6 class=\"wp-block-heading\">16. Indennizzo<\/h6>\n\n\n\n<p>L&#8217;utente accetta di indennizzare, difendere e tenere indenne la societ\u00e0 da qualsiasi reclamo, responsabilit\u00e0, danno, perdita e spesa relativi alla violazione dei presenti Termini e condizioni e delle leggi applicabili, compresi i diritti di propriet\u00e0 intellettuale e i diritti di privacy.\nL&#8217;utente si impegna a rimborsare tempestivamente i danni, le perdite, i costi e le spese relativi o derivanti da tali reclami. <\/p>\n\n\n\n<h6 class=\"wp-block-heading\">17. Rinuncia<\/h6>\n\n\n\n<p>La mancata applicazione di una qualsiasi delle disposizioni contenute nei presenti Termini e Condizioni e in qualsiasi Contratto, o il mancato esercizio di un&#8217;opzione di risoluzione, non sar\u00e0 interpretata come una rinuncia a tali disposizioni e non pregiudicher\u00e0 la validit\u00e0 dei presenti Termini e Condizioni o di qualsiasi Contratto o di qualsiasi parte di esso, n\u00e9 il diritto di far valere in seguito ogni singola disposizione.<\/p>\n\n\n\n<h6 class=\"wp-block-heading\">18. Lingua<\/h6>\n\n\n\n<p>I presenti Termini e Condizioni saranno interpretati e interpretati esclusivamente in lingua inglese.\nTutti gli avvisi e la corrispondenza saranno redatti esclusivamente in tale lingua. <\/p>\n\n\n\n<h6 class=\"wp-block-heading\">19. Intero accordo<\/h6>\n\n\n\n<p>I presenti Termini e Condizioni, insieme alla nostra <a href=\"https:\/\/zaneginaproduction.com\/it\/termini-e-condizioni\/\">dichiarazione sulla privacy<\/a> e alla nostra <a href=\"https:\/\/zaneginaproduction.com\/it\/informativa-sui-cookie-ue\/\">politica sui cookie<\/a>, costituiscono l&#8217;intero accordo tra l&#8217;utente e Zanegina Production in relazione all&#8217;utilizzo di questo sito web.<\/p>\n\n\n\n<h6 class=\"wp-block-heading\">20. Aggiornamento dei presenti Termini e condizioni<\/h6>\n\n\n\n<p>Potremmo aggiornare i presenti Termini e Condizioni di volta in volta.\nL&#8217;utente \u00e8 tenuto a controllare periodicamente i presenti Termini e Condizioni per verificare eventuali modifiche o aggiornamenti.\nLa data indicata all&#8217;inizio di questi Termini e Condizioni \u00e8 la data di revisione pi\u00f9 recente.\nLe modifiche ai presenti Termini e Condizioni entreranno in vigore nel momento in cui tali modifiche saranno pubblicate su questo sito web.\nL&#8217;uso continuato di questo sito web dopo la pubblicazione di modifiche o aggiornamenti sar\u00e0 considerato una notifica dell&#8217;accettazione di questi Termini e Condizioni.    <\/p>\n\n\n\n<h6 class=\"wp-block-heading\">21. Scelta della legge e giurisdizione<\/h6>\n\n\n\n<p>I presenti Termini e Condizioni sono disciplinati dalle leggi italiane.\nQualsiasi controversia relativa ai presenti Termini e Condizioni sar\u00e0 soggetta alla giurisdizione dei tribunali italiani.\nQualora una parte o una disposizione dei presenti Termini e Condizioni sia ritenuta da un tribunale o da un&#8217;altra autorit\u00e0 non valida e\/o non applicabile ai sensi della legge applicabile, tale parte o disposizione sar\u00e0 modificata, eliminata e\/o applicata nella misura massima consentita in modo da rendere effettivo l&#8217;intento dei presenti Termini e Condizioni.\nLe altre disposizioni non saranno influenzate.   <\/p>\n\n\n\n<h6 class=\"wp-block-heading\">22. Informazioni di contatto<\/h6>\n\n\n\n<p>Questo sito web \u00e8 di propriet\u00e0 e gestito da Zanegina Production.<\/p>\n\n\n\n<p>Puoi contattarci in merito a questi Termini e Condizioni attraverso la nostra pagina di <a href=\"https:\/\/zaneginaproduction.com\/contact\/\">contatto<\/a>.<\/p>\n","protected":false},"excerpt":{"rendered":"<p>Ultimo aggiornamento: 2 settembre 2024 1. Introduzione I presenti Termini e condizioni si applicano a questo sito web e alle [&hellip;]<\/p>\n","protected":false},"author":1,"featured_media":0,"parent":0,"menu_order":14,"comment_status":"closed","ping_status":"closed","template":"","meta":{"_acf_changed":false,"site-sidebar-layout":"default","site-content-layout":"","ast-site-content-layout":"default","site-content-style":"default","site-sidebar-style":"default","ast-global-header-display":"","ast-banner-title-visibility":"","ast-main-header-display":"","ast-hfb-above-header-display":"","ast-hfb-below-header-display":"","ast-hfb-mobile-header-display":"","site-post-title":"","ast-breadcrumbs-content":"","ast-featured-img":"","footer-sml-layout":"","theme-transparent-header-meta":"","adv-header-id-meta":"","stick-header-meta":"","header-above-stick-meta":"","header-main-stick-meta":"","header-below-stick-meta":"","astra-migrate-meta-layouts":"default","ast-page-background-enabled":"default","ast-page-background-meta":{"desktop":{"background-color":"var(--ast-global-color-5)","background-image":"","background-repeat":"repeat","background-position":"center center","background-size":"auto","background-attachment":"scroll","background-type":"","background-media":"","overlay-type":"","overlay-color":"","overlay-opacity":"","overlay-gradient":""},"tablet":{"background-color":"","background-image":"","background-repeat":"repeat","background-position":"center center","background-size":"auto","background-attachment":"scroll","background-type":"","background-media":"","overlay-type":"","overlay-color":"","overlay-opacity":"","overlay-gradient":""},"mobile":{"background-color":"","background-image":"","background-repeat":"repeat","background-position":"center center","background-size":"auto","background-attachment":"scroll","background-type":"","background-media":"","overlay-type":"","overlay-color":"","overlay-opacity":"","overlay-gradient":""}},"ast-content-background-meta":{"desktop":{"background-color":"var(--ast-global-color-4)","background-image":"","background-repeat":"repeat","background-position":"center center","background-size":"auto","background-attachment":"scroll","background-type":"","background-media":"","overlay-type":"","overlay-color":"","overlay-opacity":"","overlay-gradient":""},"tablet":{"background-color":"var(--ast-global-color-4)","background-image":"","background-repeat":"repeat","background-position":"center center","background-size":"auto","background-attachment":"scroll","background-type":"","background-media":"","overlay-type":"","overlay-color":"","overlay-opacity":"","overlay-gradient":""},"mobile":{"background-color":"var(--ast-global-color-4)","background-image":"","background-repeat":"repeat","background-position":"center center","background-size":"auto","background-attachment":"scroll","background-type":"","background-media":"","overlay-type":"","overlay-color":"","overlay-opacity":"","overlay-gradient":""}},"footnotes":""},"class_list":["post-4268","page","type-page","status-publish","hentry"],"acf":[],"_links":{"self":[{"href":"https:\/\/zaneginaproduction.com\/it\/wp-json\/wp\/v2\/pages\/4268","targetHints":{"allow":["GET"]}}],"collection":[{"href":"https:\/\/zaneginaproduction.com\/it\/wp-json\/wp\/v2\/pages"}],"about":[{"href":"https:\/\/zaneginaproduction.com\/it\/wp-json\/wp\/v2\/types\/page"}],"author":[{"embeddable":true,"href":"https:\/\/zaneginaproduction.com\/it\/wp-json\/wp\/v2\/users\/1"}],"replies":[{"embeddable":true,"href":"https:\/\/zaneginaproduction.com\/it\/wp-json\/wp\/v2\/comments?post=4268"}],"version-history":[{"count":5,"href":"https:\/\/zaneginaproduction.com\/it\/wp-json\/wp\/v2\/pages\/4268\/revisions"}],"predecessor-version":[{"id":4544,"href":"https:\/\/zaneginaproduction.com\/it\/wp-json\/wp\/v2\/pages\/4268\/revisions\/4544"}],"wp:attachment":[{"href":"https:\/\/zaneginaproduction.com\/it\/wp-json\/wp\/v2\/media?parent=4268"}],"curies":[{"name":"wp","href":"https:\/\/api.w.org\/{rel}","templated":true}]}}